{"id":80,"date":"2020-04-07T02:14:50","date_gmt":"2020-04-07T00:14:50","guid":{"rendered":"https:\/\/www.kmetijaflis.si\/mlecni-izdelki\/izdelek\/domace-kislo-mleko\/"},"modified":"2023-11-18T11:51:21","modified_gmt":"2023-11-18T10:51:21","slug":"domace-kislo-mleko","status":"publish","type":"product","link":"https:\/\/www.kmetijaflis.si\/mlecni-izdelki\/izdelek\/domace-kislo-mleko\/","title":{"rendered":"Doma\u010de kislo mleko"},"content":{"rendered":"<p>Kislo mleko je bilo v na\u0161ih krajih, posebej v Alpah in Predalpskem svetu, eden od najpomembnej\u0161ih naravnih probiotikov. Razmerje mikrobov, ki podpirajo zdravje \u010drevesja in imunski sistem pozitivno vpliva na na\u0161e zdravje. Osve\u017eilni izdelek nas prepri\u010da s svojim zna\u010dilno rahlo kiselkastim okusom in bo\u017eansko \u017eametno strukturo.<\/p>\n","protected":false},"excerpt":{"rendered":"<p>Kislo mleko izdelano iz pasteriziranega polnomastnega mleka polnega okusa z ne\u017eno mle\u010dno aromo polnjeno v 250 ml lon\u010dke.<\/p>\n","protected":false},"featured_media":81,"template":"","meta":{"_acf_changed":false,"_genesis_hide_title":false,"_genesis_hide_breadcrumbs":false,"_genesis_hide_singular_image":false,"_genesis_hide_footer_widgets":false,"_genesis_custom_body_class":"","_genesis_custom_post_class":"","_genesis_layout":""},"product_cat":[16,17],"product_tag":[],"acf":[],"_links":{"self":[{"href":"https:\/\/www.kmetijaflis.si\/mlecni-izdelki\/wp-json\/wp\/v2\/product\/80"}],"collection":[{"href":"https:\/\/www.kmetijaflis.si\/mlecni-izdelki\/wp-json\/wp\/v2\/product"}],"about":[{"href":"https:\/\/www.kmetijaflis.si\/mlecni-izdelki\/wp-json\/wp\/v2\/types\/product"}],"wp:featuredmedia":[{"embeddable":true,"href":"https:\/\/www.kmetijaflis.si\/mlecni-izdelki\/wp-json\/wp\/v2\/media\/81"}],"wp:attachment":[{"href":"https:\/\/www.kmetijaflis.si\/mlecni-izdelki\/wp-json\/wp\/v2\/media?parent=80"}],"wp:term":[{"taxonomy":"product_cat","embeddable":true,"href":"https:\/\/www.kmetijaflis.si\/mlecni-izdelki\/wp-json\/wp\/v2\/product_cat?post=80"},{"taxonomy":"product_tag","embeddable":true,"href":"https:\/\/www.kmetijaflis.si\/mlecni-izdelki\/wp-json\/wp\/v2\/product_tag?post=80"}],"curies":[{"name":"wp","href":"https:\/\/api.w.org\/{rel}","templated":true}]}}