{"id":72,"date":"2020-04-07T02:12:01","date_gmt":"2020-04-07T00:12:01","guid":{"rendered":"https:\/\/www.kmetijaflis.si\/mlecni-izdelki\/izdelek\/tip-sadnega-grskega-jogurta\/"},"modified":"2023-11-18T11:51:24","modified_gmt":"2023-11-18T10:51:24","slug":"tip-sadnega-grskega-jogurta","status":"publish","type":"product","link":"https:\/\/www.kmetijaflis.si\/mlecni-izdelki\/izdelek\/tip-sadnega-grskega-jogurta\/","title":{"rendered":"Tip sadnega gr\u0161kega jogurta"},"content":{"rendered":"<p>Fantasti\u010den prigrizek ali dodatek k jedi, ki pozitivno vpliva na va\u0161e zdravje, po\u010dutje, prebavo ter tudi krepi imunski sistem. Zaradi tradicionalne metode precejanja pa vsebuje tudi ogromno koli\u010dino beljakovin ter je \u0161e dodatno gostega in kremastega okusa. Dodatek sadne arome\u00a0borovnice\u00a0ali\u00a0jagode\u00a0pa jogurtu \u0161e doda okus sve\u017eine.<\/p>\n","protected":false},"excerpt":{"rendered":"<p>Kralj mle\u010dnih izdelkov, bogate kremne strukture polno beljakovin narejen iz lahkega pasteriziranega mleka z dodatkom naravnih sadnih arom ter ko\u0161\u010dkov sadja polnjen v lon\u010dek 150 g.<\/p>\n","protected":false},"featured_media":73,"template":"","meta":{"_acf_changed":false,"_genesis_hide_title":false,"_genesis_hide_breadcrumbs":false,"_genesis_hide_singular_image":false,"_genesis_hide_footer_widgets":false,"_genesis_custom_body_class":"","_genesis_custom_post_class":"","_genesis_layout":""},"product_cat":[16,18],"product_tag":[],"acf":[],"_links":{"self":[{"href":"https:\/\/www.kmetijaflis.si\/mlecni-izdelki\/wp-json\/wp\/v2\/product\/72"}],"collection":[{"href":"https:\/\/www.kmetijaflis.si\/mlecni-izdelki\/wp-json\/wp\/v2\/product"}],"about":[{"href":"https:\/\/www.kmetijaflis.si\/mlecni-izdelki\/wp-json\/wp\/v2\/types\/product"}],"wp:featuredmedia":[{"embeddable":true,"href":"https:\/\/www.kmetijaflis.si\/mlecni-izdelki\/wp-json\/wp\/v2\/media\/73"}],"wp:attachment":[{"href":"https:\/\/www.kmetijaflis.si\/mlecni-izdelki\/wp-json\/wp\/v2\/media?parent=72"}],"wp:term":[{"taxonomy":"product_cat","embeddable":true,"href":"https:\/\/www.kmetijaflis.si\/mlecni-izdelki\/wp-json\/wp\/v2\/product_cat?post=72"},{"taxonomy":"product_tag","embeddable":true,"href":"https:\/\/www.kmetijaflis.si\/mlecni-izdelki\/wp-json\/wp\/v2\/product_tag?post=72"}],"curies":[{"name":"wp","href":"https:\/\/api.w.org\/{rel}","templated":true}]}}