{"id":22,"date":"2020-04-05T14:57:30","date_gmt":"2020-04-05T12:57:30","guid":{"rendered":"https:\/\/www.kmetijaflis.si\/mlecni-izdelki\/izdelek\/cvrsti-jogurt\/"},"modified":"2023-11-18T11:50:13","modified_gmt":"2023-11-18T10:50:13","slug":"cvrsti-jogurt","status":"publish","type":"product","link":"https:\/\/www.kmetijaflis.si\/mlecni-izdelki\/izdelek\/cvrsti-jogurt\/","title":{"rendered":"\u010cvrsti jogurt"},"content":{"rendered":"<p>\u010cvrsti jogurt bogatega kremnega okusa zelo dobro vpliva na na\u0161e po\u010dutje in zdravje zaradi visokih vsebnosti beljakovin, kalcija in vitamina B. Ne\u017eno in prijetno strukturo mu zagotavlja skrbna priprava iz doma\u010dega polnomastnega mleka. Vsekakor primeren za vrhunski za\u010detek ali konec dneva! Ahhh, v bistvu se prile\u017ee kadarkoli.<\/p>\n","protected":false},"excerpt":{"rendered":"<p>\u010cvrsti jogurt izdelan iz pasteriziranega polnomastnega mleka polnjen v 250 ml lon\u010dek.<\/p>\n","protected":false},"featured_media":23,"template":"","meta":{"_acf_changed":false,"_genesis_hide_title":false,"_genesis_hide_breadcrumbs":false,"_genesis_hide_singular_image":false,"_genesis_hide_footer_widgets":false,"_genesis_custom_body_class":"","_genesis_custom_post_class":"","_genesis_layout":""},"product_cat":[16,18],"product_tag":[],"acf":[],"_links":{"self":[{"href":"https:\/\/www.kmetijaflis.si\/mlecni-izdelki\/wp-json\/wp\/v2\/product\/22"}],"collection":[{"href":"https:\/\/www.kmetijaflis.si\/mlecni-izdelki\/wp-json\/wp\/v2\/product"}],"about":[{"href":"https:\/\/www.kmetijaflis.si\/mlecni-izdelki\/wp-json\/wp\/v2\/types\/product"}],"wp:featuredmedia":[{"embeddable":true,"href":"https:\/\/www.kmetijaflis.si\/mlecni-izdelki\/wp-json\/wp\/v2\/media\/23"}],"wp:attachment":[{"href":"https:\/\/www.kmetijaflis.si\/mlecni-izdelki\/wp-json\/wp\/v2\/media?parent=22"}],"wp:term":[{"taxonomy":"product_cat","embeddable":true,"href":"https:\/\/www.kmetijaflis.si\/mlecni-izdelki\/wp-json\/wp\/v2\/product_cat?post=22"},{"taxonomy":"product_tag","embeddable":true,"href":"https:\/\/www.kmetijaflis.si\/mlecni-izdelki\/wp-json\/wp\/v2\/product_tag?post=22"}],"curies":[{"name":"wp","href":"https:\/\/api.w.org\/{rel}","templated":true}]}}