{"id":269,"date":"2024-04-24T05:54:49","date_gmt":"2024-04-24T03:54:49","guid":{"rendered":"https:\/\/www.kmetijaflis.si\/mlecni-izdelki\/?page_id=269"},"modified":"2025-04-01T15:43:27","modified_gmt":"2025-04-01T13:43:27","slug":"pravilnik-narocanja-in-dostave","status":"publish","type":"page","link":"https:\/\/www.kmetijaflis.si\/mlecni-izdelki\/pravilnik-narocanja-in-dostave\/","title":{"rendered":"Pravilnik naro\u010danja in dostave"},"content":{"rendered":"\n<p>Zadnja sprememba: 16.8.2024<\/p>\n\n\n\n<p>Pravilnik naro\u010danja in dostave velja kot dodatek k <a href=\"https:\/\/web.archive.org\/web\/20230928180504\/http:\/\/kmetijaflis.si\/trgovina\/splosni-pogoji-poslovanja\/\">Splo\u0161nim pogojem poslovanja<\/a>.<\/p>\n\n\n\n<h2 class=\"wp-block-heading\">Naro\u010dilo<\/h2>\n\n\n\n<p>Naro\u010dilo se lahko izvede:<\/p>\n\n\n\n<ul>\n<li>preko spletne strani<\/li>\n<\/ul>\n\n\n\n<p>Naro\u010dila oddana vklju\u010dno do sobote do 14. ure bodo odpremljena v naslednji, prvi regijski dostavi v prihajajo\u010dem tednu.<\/p>\n\n\n\n<h2 class=\"wp-block-heading\">Dostava<\/h2>\n\n\n\n<p>Osnovna dejavnost kmetije Flis je proizvodnja in predelava mle\u010dnih izdelkov. Ker so mle\u010dni izdelki hitro pokvarljivo blago jih je potrebno dostaviti v najkraj\u0161em mo\u017enem \u010dasu. Da lahko zagotavljamo visoko kvaliteto izdelkov jih ne po\u0161iljamo po po\u0161ti, ampak jih dostavljamo na naslov kupca sami, v okviru lastne dostave.<\/p>\n\n\n\n<p>Stro\u0161ek dostave v spodaj omenjene regije je 5\u20ac. Za naro\u010dila vi\u0161je vrednosti od 40\u20ac je dostava <strong>brezpla\u010dna<\/strong>.<\/p>\n\n\n\n<h2 class=\"wp-block-heading\">Cene<\/h2>\n\n\n\n<p>Cene izdelkov objavljenih v spletni trgovini vklju\u010dujejo DDV (davek na dodano vrednost).<\/p>\n\n\n\n<p>Pri vsakem naro\u010dilu bomo, poleg morebitne dostave, zara\u010dunali tudi eno \u0161katlo za pakiranje oz. dostavo v vrednosti 1,5\u20ac (ne glede na to, \u010de jih bomo dejansko porabili ve\u010d). V spletni trgovini je \u0161katla \u017ee v ko\u0161arici in je ni mogo\u010de odstraniti.<\/p>\n\n\n\n<h2 class=\"wp-block-heading\">Pla\u010dilo izdelkov dostavljenih z lastno dostavo<\/h2>\n\n\n\n<p>Ker na\u0161 odnos do kupcev temelji na zaupanju, je pla\u010dilo z ban\u010dnim nakazilom ali z denarnim pla\u010dilom po prevzemu blaga z lastno (na\u0161o) dostavo. Naro\u010dnik naka\u017ee dogovorjeni znesek na ra\u010dun:<\/p>\n\n\n\n<p>Damijan \u010cetina, dop.dejavnost na kmetiji<br>Sp. Gru\u0161ovlje 6<br>3311 \u0160empeter<br><strong>Ra\u010dun \u0161t.: SI56 1964 0501 1491 786, sklic: \u0161tevilka naro\u010dila<br>Odprt pri DE\u017dELNI BANKI SLOVENIJE<\/strong><\/p>\n","protected":false},"excerpt":{"rendered":"<p>Zadnja sprememba: 16.8.2024 Pravilnik naro\u010danja in dostave velja kot dodatek k Splo\u0161nim pogojem poslovanja. Naro\u010dilo Naro\u010dilo se lahko izvede: Naro\u010dila oddana vklju\u010dno do sobote do 14. ure bodo odpremljena v naslednji, prvi regijski dostavi v prihajajo\u010dem tednu. Dostava Osnovna dejavnost kmetije Flis je proizvodnja in predelava mle\u010dnih izdelkov. Ker so mle\u010dni izdelki hitro pokvarljivo blago &hellip;<\/p>\n","protected":false},"author":1,"featured_media":0,"parent":0,"menu_order":0,"comment_status":"closed","ping_status":"closed","template":"","meta":{"_acf_changed":false,"_genesis_hide_title":false,"_genesis_hide_breadcrumbs":false,"_genesis_hide_singular_image":false,"_genesis_hide_footer_widgets":false,"_genesis_custom_body_class":"","_genesis_custom_post_class":"","_genesis_layout":"","footnotes":""},"acf":[],"_links":{"self":[{"href":"https:\/\/www.kmetijaflis.si\/mlecni-izdelki\/wp-json\/wp\/v2\/pages\/269"}],"collection":[{"href":"https:\/\/www.kmetijaflis.si\/mlecni-izdelki\/wp-json\/wp\/v2\/pages"}],"about":[{"href":"https:\/\/www.kmetijaflis.si\/mlecni-izdelki\/wp-json\/wp\/v2\/types\/page"}],"author":[{"embeddable":true,"href":"https:\/\/www.kmetijaflis.si\/mlecni-izdelki\/wp-json\/wp\/v2\/users\/1"}],"replies":[{"embeddable":true,"href":"https:\/\/www.kmetijaflis.si\/mlecni-izdelki\/wp-json\/wp\/v2\/comments?post=269"}],"version-history":[{"count":5,"href":"https:\/\/www.kmetijaflis.si\/mlecni-izdelki\/wp-json\/wp\/v2\/pages\/269\/revisions"}],"predecessor-version":[{"id":304,"href":"https:\/\/www.kmetijaflis.si\/mlecni-izdelki\/wp-json\/wp\/v2\/pages\/269\/revisions\/304"}],"wp:attachment":[{"href":"https:\/\/www.kmetijaflis.si\/mlecni-izdelki\/wp-json\/wp\/v2\/media?parent=269"}],"curies":[{"name":"wp","href":"https:\/\/api.w.org\/{rel}","templated":true}]}}